{"id":24414,"date":"2026-03-17T18:10:46","date_gmt":"2026-03-17T17:10:46","guid":{"rendered":"https:\/\/mercurialaser.cz\/?page_id=24414"},"modified":"2026-03-17T18:10:47","modified_gmt":"2026-03-17T17:10:47","slug":"privacy-policy-3","status":"publish","type":"page","link":"https:\/\/mercurialaser.cz\/en\/privacy-policy-3\/","title":{"rendered":"Privacy Policy"},"content":{"rendered":"\t\t<div data-elementor-type=\"wp-page\" data-elementor-id=\"24414\" class=\"elementor elementor-24414 elementor-24413\" data-elementor-post-type=\"page\">\n\t\t\t\t<section class=\"elementor-element elementor-element-8f01c52 e-flex e-con-boxed e-con e-parent\" data-id=\"8f01c52\" data-element_type=\"container\" data-e-type=\"container\">\n\t\t\t\t\t<div class=\"e-con-inner\">\n\t\t\t\t<div class=\"elementor-element elementor-element-eb45b90 elementor-widget__width-initial heading__dual_color elementor-widget-laptop__width-initial elementor-widget elementor-widget-heading\" data-id=\"eb45b90\" data-element_type=\"widget\" data-e-type=\"widget\" data-widget_type=\"heading.default\">\n\t\t\t\t<div class=\"elementor-widget-container\">\n\t\t\t\t\t<h1 class=\"elementor-heading-title elementor-size-default\">Privacy Policy<\/h1>\t\t\t\t<\/div>\n\t\t\t\t<\/div>\n\t\t\t\t\t<\/div>\n\t\t\t\t<\/section>\n\t\t<section class=\"elementor-element elementor-element-9ed060b e-flex e-con-boxed e-con e-parent\" data-id=\"9ed060b\" data-element_type=\"container\" data-e-type=\"container\">\n\t\t\t\t\t<div class=\"e-con-inner\">\n\t\t\t\t<div class=\"elementor-element elementor-element-f6f282d elementor-widget__width-inherit elementor-widget elementor-widget-text-editor\" data-id=\"f6f282d\" data-element_type=\"widget\" data-e-type=\"widget\" data-widget_type=\"text-editor.default\">\n\t\t\t\t<div class=\"elementor-widget-container\">\n\t\t\t\t\t\t\t\t\t<h3>Aktualizace z\u00e1sad pro&nbsp;ochranu osobn\u00edch \u00fadaj\u016f<\/h3><p>Pr\u016fb\u011b\u017en\u011b m\u016f\u017eeme Z\u00e1sady ochrany osobn\u00edch \u00fadaj\u016f upravovat \u010di&nbsp;aktualizovat. Jak\u00e9koliv zm\u011bny t\u011bchto Z\u00e1sad ochrany osobn\u00edch \u00fadaj\u016f se stanou \u00fa\u010dinn\u00fdmi po&nbsp;jejich zve\u0159ejn\u011bn\u00ed na&nbsp;t\u00e9to str\u00e1nce <\/p><p>Tyto podm\u00ednky nab\u00fdvaj\u00ed \u00fa\u010dinnosti dnem 01.01.2022.<\/p><p>Posledn\u00ed aktualizace podm\u00ednek prob\u011bhla 01.01.2022.<\/p>\t\t\t\t\t\t\t\t<\/div>\n\t\t\t\t<\/div>\n\t\t\t\t\t<\/div>\n\t\t\t\t<\/section>\n\t\t\t\t<\/div>\n\t\t","protected":false},"excerpt":{"rendered":"<p>Aktualizace z\u00e1sad pro&nbsp;ochranu osobn\u00edch \u00fadaj\u016f Pr\u016fb\u011b\u017en\u011b m\u016f\u017eeme Z\u00e1sady ochrany osobn\u00edch \u00fadaj\u016f upravovat \u010di&nbsp;aktualizovat. Jak\u00e9koliv zm\u011bny t\u011bchto Z\u00e1sad ochrany osobn\u00edch \u00fadaj\u016f se stanou \u00fa\u010dinn\u00fdmi po&nbsp;jejich zve\u0159ejn\u011bn\u00ed na&nbsp;t\u00e9to str\u00e1nce Tyto podm\u00ednky nab\u00fdvaj\u00ed \u00fa\u010dinnosti dnem 01.01.2022. Posledn\u00ed aktualizace podm\u00ednek prob\u011bhla 01.01.2022.<\/p>\n","protected":false},"author":5,"featured_media":0,"parent":0,"menu_order":0,"comment_status":"closed","ping_status":"closed","template":"","meta":{"_acf_changed":false,"footnotes":""},"class_list":["post-24414","page","type-page","status-publish","hentry"],"acf":[],"_links":{"self":[{"href":"https:\/\/mercurialaser.cz\/en\/wp-json\/wp\/v2\/pages\/24414","targetHints":{"allow":["GET"]}}],"collection":[{"href":"https:\/\/mercurialaser.cz\/en\/wp-json\/wp\/v2\/pages"}],"about":[{"href":"https:\/\/mercurialaser.cz\/en\/wp-json\/wp\/v2\/types\/page"}],"author":[{"embeddable":true,"href":"https:\/\/mercurialaser.cz\/en\/wp-json\/wp\/v2\/users\/5"}],"replies":[{"embeddable":true,"href":"https:\/\/mercurialaser.cz\/en\/wp-json\/wp\/v2\/comments?post=24414"}],"version-history":[{"count":0,"href":"https:\/\/mercurialaser.cz\/en\/wp-json\/wp\/v2\/pages\/24414\/revisions"}],"wp:attachment":[{"href":"https:\/\/mercurialaser.cz\/en\/wp-json\/wp\/v2\/media?parent=24414"}],"curies":[{"name":"wp","href":"https:\/\/api.w.org\/{rel}","templated":true}]}}