{"id":17395,"date":"2025-01-02T18:21:51","date_gmt":"2025-01-02T17:21:51","guid":{"rendered":"https:\/\/mercurialaser.cz\/?page_id=17395"},"modified":"2025-05-13T08:01:56","modified_gmt":"2025-05-13T06:01:56","slug":"luziny-2","status":"publish","type":"page","link":"https:\/\/mercurialaser.cz\/en\/luziny-2\/","title":{"rendered":"Lu\u017einy &#8211; p\u0159ipravujeme pobo\u010dku NEPOU\u017d\u00cdV\u00c1 SE"},"content":{"rendered":"\t\t<div data-elementor-type=\"wp-page\" data-elementor-id=\"17395\" class=\"elementor elementor-17395\" data-elementor-post-type=\"page\">\n\t\t\t\t<section class=\"elementor-element elementor-element-c1dd54f e-flex e-con-boxed e-con e-parent\" data-id=\"c1dd54f\" data-element_type=\"container\" data-e-type=\"container\">\n\t\t\t\t\t<div class=\"e-con-inner\">\n\t\t\t\t<div class=\"elementor-element elementor-element-d512e77 elementor-widget elementor-widget-heading\" data-id=\"d512e77\" data-element_type=\"widget\" data-e-type=\"widget\" data-widget_type=\"heading.default\">\n\t\t\t\t<div class=\"elementor-widget-container\">\n\t\t\t\t\t<h1 class=\"elementor-heading-title elementor-size-default\">Mercuria Laser Game na&nbsp;p\u0159\u00edkop\u011b<\/h1>\t\t\t\t<\/div>\n\t\t\t\t<\/div>\n\t\t\t\t<div class=\"elementor-element elementor-element-bb058f5 elementor-widget__width-initial elementor-widget-mobile__width-inherit heading__dual_color elementor-widget elementor-widget-heading\" data-id=\"bb058f5\" data-element_type=\"widget\" data-e-type=\"widget\" data-widget_type=\"heading.default\">\n\t\t\t\t<div class=\"elementor-widget-container\">\n\t\t\t\t\t<h2 class=\"elementor-heading-title elementor-size-default\"><span>Arena in the heart of Prague. <\/span>Take a&nbsp;look at the sights in Prague and then fly around the world in our arena. <\/h2>\t\t\t\t<\/div>\n\t\t\t\t<\/div>\n\t\t\t\t<div class=\"elementor-element elementor-element-d5f07c4 elementor-widget__width-inherit elementor-widget elementor-widget-text-editor\" data-id=\"d5f07c4\" data-element_type=\"widget\" data-e-type=\"widget\" data-widget_type=\"text-editor.default\">\n\t\t\t\t<div class=\"elementor-widget-container\">\n\t\t\t\t\t\t\t\t\t<p>Chyst\u00e1me pro&nbsp;v\u00e1s \u00fapln\u011b novou ar\u00e9nu v&nbsp;obchodn\u00edm centru Lu\u017einy, kter\u00e1 nav\u00e1\u017ee na&nbsp;obl\u00edben\u00fd prostor z&nbsp;centra. T\u011b\u0161it se m\u016f\u017eete na&nbsp;modern\u00ed z\u00e1zem\u00ed, bar pro&nbsp;80&nbsp;lid\u00ed a&nbsp;velkou ar\u00e9nu plnou adrenalinu. Sledujte n\u00e1s pro&nbsp;v\u00edce informac\u00ed \u2013 <strong>otev\u00edr\u00e1me u\u017e v&nbsp;dubnu!<\/strong><\/p>\n\t\t\t\t\t\t\t\t<\/div>\n\t\t\t\t<\/div>\n\t\t\t\t<div class=\"elementor-element elementor-element-6e65b91 elementor-mobile-align-justify elementor-widget-mobile__width-inherit button___blue_arrow elementor-widget__width-auto elementor-widget elementor-widget-button\" data-id=\"6e65b91\" data-element_type=\"widget\" data-e-type=\"widget\" data-widget_type=\"button.default\">\n\t\t\t\t<div class=\"elementor-widget-container\">\n\t\t\t\t\t\t\t\t\t<div class=\"elementor-button-wrapper\">\n\t\t\t\t\t<a class=\"elementor-button elementor-button-link elementor-size-sm\" href=\"\/blog\/nova-arena-luziny\/\">\n\t\t\t\t\t\t<span class=\"elementor-button-content-wrapper\">\n\t\t\t\t\t\t<span class=\"elementor-button-icon\">\n\t\t\t\t<svg xmlns=\"http:\/\/www.w3.org\/2000\/svg\" width=\"22.666\" height=\"8.361\" viewBox=\"0 0 22.666 8.361\"><path id=\"Arrow\" d=\"M20.093,20.361l7.241-4.181L20.093,12v3.551H4.667V16.81H20.093Z\" transform=\"translate(-4.667 -12)\" fill=\"#3f56ff\" fill-rule=\"evenodd\"><\/path><\/svg>\t\t\t<\/span>\n\t\t\t\t\t\t\t\t\t<span class=\"elementor-button-text\">V\u00cdCE INFORMAC\u00cd<\/span>\n\t\t\t\t\t<\/span>\n\t\t\t\t\t<\/a>\n\t\t\t\t<\/div>\n\t\t\t\t\t\t\t\t<\/div>\n\t\t\t\t<\/div>\n\t\t\t\t<div class=\"elementor-element elementor-element-31fb015 elementor-widget elementor-widget-image\" data-id=\"31fb015\" data-element_type=\"widget\" data-e-type=\"widget\" data-widget_type=\"image.default\">\n\t\t\t\t<div class=\"elementor-widget-container\">\n\t\t\t\t\t\t\t\t\t\t\t\t\t\t\t<img fetchpriority=\"high\" decoding=\"async\" width=\"1998\" height=\"1010\" src=\"https:\/\/mercurialaser.cz\/wp-content\/uploads\/2025\/01\/luziny-mapa-e1735888678573.jpg\" class=\"attachment-full size-full wp-image-17393\" alt=\"\" srcset=\"https:\/\/mercurialaser.cz\/wp-content\/uploads\/2025\/01\/luziny-mapa-e1735888678573.jpg 1998w, https:\/\/mercurialaser.cz\/wp-content\/uploads\/2025\/01\/luziny-mapa-e1735888678573-300x152.jpg 300w, https:\/\/mercurialaser.cz\/wp-content\/uploads\/2025\/01\/luziny-mapa-e1735888678573-1024x518.jpg 1024w, https:\/\/mercurialaser.cz\/wp-content\/uploads\/2025\/01\/luziny-mapa-e1735888678573-768x388.jpg 768w, https:\/\/mercurialaser.cz\/wp-content\/uploads\/2025\/01\/luziny-mapa-e1735888678573-1536x776.jpg 1536w\" sizes=\"(max-width: 1998px) 100vw, 1998px\">\t\t\t\t\t\t\t\t\t\t\t\t\t\t\t<\/div>\n\t\t\t\t<\/div>\n\t\t\t\t\t<\/div>\n\t\t\t\t<\/section>\n\t\t<section class=\"elementor-element elementor-element-8819cca e-flex e-con-boxed e-con e-parent\" data-id=\"8819cca\" data-element_type=\"container\" data-e-type=\"container\">\n\t\t\t\t\t<div class=\"e-con-inner\">\n\t\t<div class=\"elementor-element elementor-element-92875c2 e-con-full e-flex e-con e-child\" data-id=\"92875c2\" data-element_type=\"container\" data-e-type=\"container\" data-settings=\"{&quot;background_background&quot;:&quot;classic&quot;}\">\n\t\t\t\t<div class=\"elementor-element elementor-element-d660a6f elementor-widget__width-initial elementor-absolute not-drag elementor-hidden-mobile elementor-widget elementor-widget-image\" data-id=\"d660a6f\" data-element_type=\"widget\" data-e-type=\"widget\" data-settings=\"{&quot;_position&quot;:&quot;absolute&quot;,&quot;motion_fx_motion_fx_scrolling&quot;:&quot;yes&quot;,&quot;motion_fx_translateX_effect&quot;:&quot;yes&quot;,&quot;motion_fx_translateX_direction&quot;:&quot;negative&quot;,&quot;motion_fx_translateX_speed&quot;:{&quot;unit&quot;:&quot;px&quot;,&quot;size&quot;:2,&quot;sizes&quot;:[]},&quot;motion_fx_translateX_affectedRange&quot;:{&quot;unit&quot;:&quot;%&quot;,&quot;size&quot;:&quot;&quot;,&quot;sizes&quot;:{&quot;start&quot;:15,&quot;end&quot;:90}},&quot;motion_fx_devices&quot;:[&quot;desktop&quot;,&quot;laptop&quot;,&quot;tablet&quot;,&quot;mobile&quot;]}\" data-widget_type=\"image.default\">\n\t\t\t\t<div class=\"elementor-widget-container\">\n\t\t\t\t\t\t\t\t\t\t\t\t\t\t\t<img decoding=\"async\" width=\"1058\" height=\"116\" src=\"https:\/\/mercurialaser.cz\/wp-content\/uploads\/2024\/02\/mercuria-heading-white.svg\" class=\"attachment-full size-full wp-image-4882\" alt=\"\">\t\t\t\t\t\t\t\t\t\t\t\t\t\t\t<\/div>\n\t\t\t\t<\/div>\n\t\t<div class=\"elementor-element elementor-element-4527d13 e-flex e-con-boxed e-con e-child\" data-id=\"4527d13\" data-element_type=\"container\" data-e-type=\"container\">\n\t\t\t\t\t<div class=\"e-con-inner\">\n\t\t<div class=\"elementor-element elementor-element-ac80bef e-con-full e-flex e-con e-child\" data-id=\"ac80bef\" data-element_type=\"container\" data-e-type=\"container\" data-settings=\"{&quot;background_background&quot;:&quot;classic&quot;}\">\n\t\t\t\t<div class=\"elementor-element elementor-element-f12cade elementor-widget elementor-widget-heading\" data-id=\"f12cade\" data-element_type=\"widget\" data-e-type=\"widget\" data-widget_type=\"heading.default\">\n\t\t\t\t<div class=\"elementor-widget-container\">\n\t\t\t\t\t<h4 class=\"elementor-heading-title elementor-size-default\">Branches<\/h4>\t\t\t\t<\/div>\n\t\t\t\t<\/div>\n\t\t\t\t<div class=\"elementor-element elementor-element-3fff231 elementor-widget-tablet__width-initial elementor-widget-mobile__width-inherit elementor-widget elementor-widget-heading\" data-id=\"3fff231\" data-element_type=\"widget\" data-e-type=\"widget\" data-widget_type=\"heading.default\">\n\t\t\t\t<div class=\"elementor-widget-container\">\n\t\t\t\t\t<h3 class=\"elementor-heading-title elementor-size-default\">Isn't it free in Prikopy? <\/h3>\t\t\t\t<\/div>\n\t\t\t\t<\/div>\n\t\t\t\t<div class=\"elementor-element elementor-element-c074ca6 elementor-widget elementor-widget-text-editor\" data-id=\"c074ca6\" data-element_type=\"widget\" data-e-type=\"widget\" data-widget_type=\"text-editor.default\">\n\t\t\t\t<div class=\"elementor-widget-container\">\n\t\t\t\t\t\t\t\t\t<p>We have other branches with similar options.<\/p>\n\t\t\t\t\t\t\t\t<\/div>\n\t\t\t\t<\/div>\n\t\t\t\t<\/div>\n\t\t<div class=\"elementor-element elementor-element-e1d2247 e-con-full e-flex e-con e-child\" data-id=\"e1d2247\" data-element_type=\"container\" data-e-type=\"container\">\n\t\t<div class=\"elementor-element elementor-element-2e3d376 e-con-full e-flex e-con e-child\" data-id=\"2e3d376\" data-element_type=\"container\" data-e-type=\"container\">\n\t\t\t\t<div class=\"elementor-element elementor-element-f8377e6 elementor-widget__width-initial not-drag img-lighten elementor-widget elementor-widget-image\" data-id=\"f8377e6\" data-element_type=\"widget\" data-e-type=\"widget\" data-widget_type=\"image.default\">\n\t\t\t\t<div class=\"elementor-widget-container\">\n\t\t\t\t\t\t\t\t\t\t\t\t\t\t\t<img decoding=\"async\" width=\"1920\" height=\"1277\" src=\"https:\/\/mercurialaser.cz\/wp-content\/uploads\/2024\/08\/mercuria-laser-game-holesovice-golem-1.jpg\" class=\"attachment-2048x2048 size-2048x2048 wp-image-9649\" alt=\"Ar\u00e9na Hole\u0161ovice | Mercuria Laser Game\" srcset=\"https:\/\/mercurialaser.cz\/wp-content\/uploads\/2024\/08\/mercuria-laser-game-holesovice-golem-1.jpg 1920w, https:\/\/mercurialaser.cz\/wp-content\/uploads\/2024\/08\/mercuria-laser-game-holesovice-golem-1-300x200.jpg 300w, https:\/\/mercurialaser.cz\/wp-content\/uploads\/2024\/08\/mercuria-laser-game-holesovice-golem-1-1024x681.jpg 1024w, https:\/\/mercurialaser.cz\/wp-content\/uploads\/2024\/08\/mercuria-laser-game-holesovice-golem-1-768x511.jpg 768w, https:\/\/mercurialaser.cz\/wp-content\/uploads\/2024\/08\/mercuria-laser-game-holesovice-golem-1-1536x1022.jpg 1536w\" sizes=\"(max-width: 1920px) 100vw, 1920px\" \/>\t\t\t\t\t\t\t\t\t\t\t\t\t\t\t<\/div>\n\t\t\t\t<\/div>\n\t\t\t\t<div class=\"elementor-element elementor-element-91e908a elementor-widget__width-initial not-drag img-lighten elementor-widget elementor-widget-image\" data-id=\"91e908a\" data-element_type=\"widget\" data-e-type=\"widget\" data-widget_type=\"image.default\">\n\t\t\t\t<div class=\"elementor-widget-container\">\n\t\t\t\t\t\t\t\t\t\t\t\t\t\t\t<img loading=\"lazy\" decoding=\"async\" width=\"1280\" height=\"933\" src=\"https:\/\/mercurialaser.cz\/wp-content\/uploads\/2024\/08\/mercuria-laser-game-img-4962-komprimace.jpeg\" class=\"attachment-2048x2048 size-2048x2048 wp-image-8647\" alt=\"\" srcset=\"https:\/\/mercurialaser.cz\/wp-content\/uploads\/2024\/08\/mercuria-laser-game-img-4962-komprimace.jpeg 1280w, https:\/\/mercurialaser.cz\/wp-content\/uploads\/2024\/08\/mercuria-laser-game-img-4962-komprimace-300x219.jpeg 300w, https:\/\/mercurialaser.cz\/wp-content\/uploads\/2024\/08\/mercuria-laser-game-img-4962-komprimace-1024x746.jpeg 1024w, https:\/\/mercurialaser.cz\/wp-content\/uploads\/2024\/08\/mercuria-laser-game-img-4962-komprimace-768x560.jpeg 768w\" sizes=\"(max-width: 1280px) 100vw, 1280px\">\t\t\t\t\t\t\t\t\t\t\t\t\t\t\t<\/div>\n\t\t\t\t<\/div>\n\t\t\t\t<div class=\"elementor-element elementor-element-a9da53a elementor-widget__width-inherit elementor-widget elementor-widget-heading\" data-id=\"a9da53a\" data-element_type=\"widget\" data-e-type=\"widget\" data-widget_type=\"heading.default\">\n\t\t\t\t<div class=\"elementor-widget-container\">\n\t\t\t\t\t<h4 class=\"elementor-heading-title elementor-size-default\">PRAGUE HOLE\u0160OVICE<\/h4>\t\t\t\t<\/div>\n\t\t\t\t<\/div>\n\t\t\t\t<div class=\"elementor-element elementor-element-b3bf369 elementor-widget__width-initial elementor-widget elementor-widget-heading\" data-id=\"b3bf369\" data-element_type=\"widget\" data-e-type=\"widget\" data-widget_type=\"heading.default\">\n\t\t\t\t<div class=\"elementor-widget-container\">\n\t\t\t\t\t<h5 class=\"elementor-heading-title elementor-size-default\">Lots of places for everyone and two arenas - Golem and Ocean.<\/h5>\t\t\t\t<\/div>\n\t\t\t\t<\/div>\n\t\t\t\t<\/div>\n\t\t\t\t<div class=\"elementor-element elementor-element-198f03f elementor-align-left button__text_dark_arrow elementor-widget elementor-widget-button\" data-id=\"198f03f\" data-element_type=\"widget\" data-e-type=\"widget\" data-widget_type=\"button.default\">\n\t\t\t\t<div class=\"elementor-widget-container\">\n\t\t\t\t\t\t\t\t\t<div class=\"elementor-button-wrapper\">\n\t\t\t\t\t<a class=\"elementor-button elementor-button-link elementor-size-sm\" href=\"https:\/\/mercurialaser.cz\/en\/holesovice\/\">\n\t\t\t\t\t\t<span class=\"elementor-button-content-wrapper\">\n\t\t\t\t\t\t<span class=\"elementor-button-icon\">\n\t\t\t\t<svg xmlns=\"http:\/\/www.w3.org\/2000\/svg\" width=\"22.666\" height=\"8.361\" viewBox=\"0 0 22.666 8.361\"><path id=\"Arrow\" d=\"M20.093,20.361l7.241-4.181L20.093,12v3.551H4.667V16.81H20.093Z\" transform=\"translate(-4.667 -12)\" fill=\"#3f56ff\" fill-rule=\"evenodd\"><\/path><\/svg>\t\t\t<\/span>\n\t\t\t\t\t\t\t\t\t<span class=\"elementor-button-text\">Branch Holesovice<\/span>\n\t\t\t\t\t<\/span>\n\t\t\t\t\t<\/a>\n\t\t\t\t<\/div>\n\t\t\t\t\t\t\t\t<\/div>\n\t\t\t\t<\/div>\n\t\t\t\t<\/div>\n\t\t<div class=\"elementor-element elementor-element-f2155f6 e-con-full e-flex e-con e-child\" data-id=\"f2155f6\" data-element_type=\"container\" data-e-type=\"container\">\n\t\t<div class=\"elementor-element elementor-element-a0feaa7 e-con-full e-flex e-con e-child\" data-id=\"a0feaa7\" data-element_type=\"container\" data-e-type=\"container\">\n\t\t\t\t<div class=\"elementor-element elementor-element-6a93a19 elementor-widget__width-initial not-drag img-lighten elementor-widget-tablet__width-initial elementor-widget elementor-widget-image\" data-id=\"6a93a19\" data-element_type=\"widget\" data-e-type=\"widget\" data-widget_type=\"image.default\">\n\t\t\t\t<div class=\"elementor-widget-container\">\n\t\t\t\t\t\t\t\t\t\t\t\t\t\t\t<img loading=\"lazy\" decoding=\"async\" width=\"1280\" height=\"1280\" src=\"https:\/\/mercurialaser.cz\/wp-content\/uploads\/2024\/08\/mercuria-laser-game-img-6944-2-komprimace.jpeg\" class=\"attachment-2048x2048 size-2048x2048 wp-image-8631\" alt=\"\" srcset=\"https:\/\/mercurialaser.cz\/wp-content\/uploads\/2024\/08\/mercuria-laser-game-img-6944-2-komprimace.jpeg 1280w, https:\/\/mercurialaser.cz\/wp-content\/uploads\/2024\/08\/mercuria-laser-game-img-6944-2-komprimace-300x300.jpeg 300w, https:\/\/mercurialaser.cz\/wp-content\/uploads\/2024\/08\/mercuria-laser-game-img-6944-2-komprimace-1024x1024.jpeg 1024w, https:\/\/mercurialaser.cz\/wp-content\/uploads\/2024\/08\/mercuria-laser-game-img-6944-2-komprimace-150x150.jpeg 150w, https:\/\/mercurialaser.cz\/wp-content\/uploads\/2024\/08\/mercuria-laser-game-img-6944-2-komprimace-768x768.jpeg 768w\" sizes=\"(max-width: 1280px) 100vw, 1280px\">\t\t\t\t\t\t\t\t\t\t\t\t\t\t\t<\/div>\n\t\t\t\t<\/div>\n\t\t\t\t<div class=\"elementor-element elementor-element-fa6b00c elementor-widget__width-initial not-drag img-lighten elementor-widget elementor-widget-image\" data-id=\"fa6b00c\" data-element_type=\"widget\" data-e-type=\"widget\" data-widget_type=\"image.default\">\n\t\t\t\t<div class=\"elementor-widget-container\">\n\t\t\t\t\t\t\t\t\t\t\t\t\t\t\t<img loading=\"lazy\" decoding=\"async\" width=\"1280\" height=\"720\" src=\"https:\/\/mercurialaser.cz\/wp-content\/uploads\/2024\/08\/e7d-4025-ve-velke-velikosti.jpeg\" class=\"attachment-2048x2048 size-2048x2048 wp-image-9075\" alt=\"\" srcset=\"https:\/\/mercurialaser.cz\/wp-content\/uploads\/2024\/08\/e7d-4025-ve-velke-velikosti.jpeg 1280w, https:\/\/mercurialaser.cz\/wp-content\/uploads\/2024\/08\/e7d-4025-ve-velke-velikosti-300x169.jpeg 300w, https:\/\/mercurialaser.cz\/wp-content\/uploads\/2024\/08\/e7d-4025-ve-velke-velikosti-1024x576.jpeg 1024w, https:\/\/mercurialaser.cz\/wp-content\/uploads\/2024\/08\/e7d-4025-ve-velke-velikosti-768x432.jpeg 768w\" sizes=\"(max-width: 1280px) 100vw, 1280px\">\t\t\t\t\t\t\t\t\t\t\t\t\t\t\t<\/div>\n\t\t\t\t<\/div>\n\t\t\t\t<div class=\"elementor-element elementor-element-b316462 elementor-widget__width-inherit elementor-widget elementor-widget-heading\" data-id=\"b316462\" data-element_type=\"widget\" data-e-type=\"widget\" data-widget_type=\"heading.default\">\n\t\t\t\t<div class=\"elementor-widget-container\">\n\t\t\t\t\t<h4 class=\"elementor-heading-title elementor-size-default\">PRAGUE BRAN\u00cdK<\/h4>\t\t\t\t<\/div>\n\t\t\t\t<\/div>\n\t\t\t\t<div class=\"elementor-element elementor-element-bed1947 elementor-widget__width-initial elementor-widget elementor-widget-heading\" data-id=\"bed1947\" data-element_type=\"widget\" data-e-type=\"widget\" data-widget_type=\"heading.default\">\n\t\t\t\t<div class=\"elementor-widget-container\">\n\t\t\t\t\t<h5 class=\"elementor-heading-title elementor-size-default\">Play in the ungle and in the spaceship in the arenas on Bran\u00edk<\/h5>\t\t\t\t<\/div>\n\t\t\t\t<\/div>\n\t\t\t\t<\/div>\n\t\t\t\t<div class=\"elementor-element elementor-element-2412f24 elementor-align-left button__text_dark_arrow elementor-widget elementor-widget-button\" data-id=\"2412f24\" data-element_type=\"widget\" data-e-type=\"widget\" data-widget_type=\"button.default\">\n\t\t\t\t<div class=\"elementor-widget-container\">\n\t\t\t\t\t\t\t\t\t<div class=\"elementor-button-wrapper\">\n\t\t\t\t\t<a class=\"elementor-button elementor-button-link elementor-size-sm\" href=\"https:\/\/mercurialaser.cz\/en\/branik\/\">\n\t\t\t\t\t\t<span class=\"elementor-button-content-wrapper\">\n\t\t\t\t\t\t<span class=\"elementor-button-icon\">\n\t\t\t\t<svg xmlns=\"http:\/\/www.w3.org\/2000\/svg\" width=\"22.666\" height=\"8.361\" viewBox=\"0 0 22.666 8.361\"><path id=\"Arrow\" d=\"M20.093,20.361l7.241-4.181L20.093,12v3.551H4.667V16.81H20.093Z\" transform=\"translate(-4.667 -12)\" fill=\"#3f56ff\" fill-rule=\"evenodd\"><\/path><\/svg>\t\t\t<\/span>\n\t\t\t\t\t\t\t\t\t<span class=\"elementor-button-text\">Branch Bran\u00edk<\/span>\n\t\t\t\t\t<\/span>\n\t\t\t\t\t<\/a>\n\t\t\t\t<\/div>\n\t\t\t\t\t\t\t\t<\/div>\n\t\t\t\t<\/div>\n\t\t\t\t<\/div>\n\t\t\t\t\t<\/div>\n\t\t\t\t<\/div>\n\t\t\t\t<\/div>\n\t\t\t\t<div class=\"elementor-element elementor-element-b4a8b40 elementor-widget__width-initial elementor-absolute not-drag elementor-hidden-mobile elementor-widget elementor-widget-image\" data-id=\"b4a8b40\" data-element_type=\"widget\" data-e-type=\"widget\" data-settings=\"{&quot;_position&quot;:&quot;absolute&quot;,&quot;motion_fx_motion_fx_scrolling&quot;:&quot;yes&quot;,&quot;motion_fx_translateY_effect&quot;:&quot;yes&quot;,&quot;motion_fx_translateY_speed&quot;:{&quot;unit&quot;:&quot;px&quot;,&quot;size&quot;:2,&quot;sizes&quot;:[]},&quot;motion_fx_translateY_affectedRange&quot;:{&quot;unit&quot;:&quot;%&quot;,&quot;size&quot;:&quot;&quot;,&quot;sizes&quot;:{&quot;start&quot;:20,&quot;end&quot;:90}},&quot;motion_fx_devices&quot;:[&quot;desktop&quot;,&quot;laptop&quot;,&quot;tablet&quot;,&quot;mobile&quot;]}\" data-widget_type=\"image.default\">\n\t\t\t\t<div class=\"elementor-widget-container\">\n\t\t\t\t\t\t\t\t\t\t\t\t\t\t\t<img loading=\"lazy\" decoding=\"async\" width=\"1685\" height=\"1885\" src=\"https:\/\/mercurialaser.cz\/wp-content\/uploads\/2024\/02\/bg-mask-2-1.webp\" class=\"attachment-full size-full wp-image-4897\" alt=\"\" srcset=\"https:\/\/mercurialaser.cz\/wp-content\/uploads\/2024\/02\/bg-mask-2-1.webp 1685w, https:\/\/mercurialaser.cz\/wp-content\/uploads\/2024\/02\/bg-mask-2-1-268x300.webp 268w, https:\/\/mercurialaser.cz\/wp-content\/uploads\/2024\/02\/bg-mask-2-1-915x1024.webp 915w, https:\/\/mercurialaser.cz\/wp-content\/uploads\/2024\/02\/bg-mask-2-1-768x859.webp 768w, https:\/\/mercurialaser.cz\/wp-content\/uploads\/2024\/02\/bg-mask-2-1-1373x1536.webp 1373w\" sizes=\"(max-width: 1685px) 100vw, 1685px\">\t\t\t\t\t\t\t\t\t\t\t\t\t\t\t<\/div>\n\t\t\t\t<\/div>\n\t\t\t\t\t<\/div>\n\t\t\t\t<\/section>\n\t\t\t\t<\/div>\n\t\t","protected":false},"excerpt":{"rendered":"<p>Mercuria Laser Game na&nbsp;p\u0159\u00edkop\u011b Arena in the heart of Prague. Take a&nbsp;look at the sights in Prague and then fly around the world in our arena. Chyst\u00e1me pro&nbsp;v\u00e1s \u00fapln\u011b novou ar\u00e9nu v&nbsp;obchodn\u00edm centru Lu\u017einy, kter\u00e1 nav\u00e1\u017ee na&nbsp;obl\u00edben\u00fd prostor z&nbsp;centra. T\u011b\u0161it se m\u016f\u017eete na&nbsp;modern\u00ed z\u00e1zem\u00ed, bar pro&nbsp;80&nbsp;lid\u00ed a&nbsp;velkou ar\u00e9nu plnou adrenalinu. Sledujte n\u00e1s pro&nbsp;v\u00edce informac\u00ed \u2013 [&hellip;]<\/p>\n","protected":false},"author":6,"featured_media":0,"parent":0,"menu_order":0,"comment_status":"closed","ping_status":"closed","template":"","meta":{"_acf_changed":false,"footnotes":""},"class_list":["post-17395","page","type-page","status-publish","hentry"],"acf":[],"_links":{"self":[{"href":"https:\/\/mercurialaser.cz\/en\/wp-json\/wp\/v2\/pages\/17395","targetHints":{"allow":["GET"]}}],"collection":[{"href":"https:\/\/mercurialaser.cz\/en\/wp-json\/wp\/v2\/pages"}],"about":[{"href":"https:\/\/mercurialaser.cz\/en\/wp-json\/wp\/v2\/types\/page"}],"author":[{"embeddable":true,"href":"https:\/\/mercurialaser.cz\/en\/wp-json\/wp\/v2\/users\/6"}],"replies":[{"embeddable":true,"href":"https:\/\/mercurialaser.cz\/en\/wp-json\/wp\/v2\/comments?post=17395"}],"version-history":[{"count":0,"href":"https:\/\/mercurialaser.cz\/en\/wp-json\/wp\/v2\/pages\/17395\/revisions"}],"wp:attachment":[{"href":"https:\/\/mercurialaser.cz\/en\/wp-json\/wp\/v2\/media?parent=17395"}],"curies":[{"name":"wp","href":"https:\/\/api.w.org\/{rel}","templated":true}]}}