{"id":16310,"date":"2023-11-03T12:14:26","date_gmt":"2023-11-03T11:14:26","guid":{"rendered":"https:\/\/mercurialaser.cz\/privacy-policy\/"},"modified":"2024-10-26T11:44:09","modified_gmt":"2024-10-26T09:44:09","slug":"privacy-policy","status":"publish","type":"page","link":"https:\/\/mercurialaser.cz\/en\/privacy-policy\/","title":{"rendered":"Privacy Policy"},"content":{"rendered":"\t\t<div data-elementor-type=\"wp-page\" data-elementor-id=\"16310\" class=\"elementor elementor-16310 elementor-3\" data-elementor-post-type=\"page\">\n\t\t\t\t<section class=\"elementor-element elementor-element-8f01c52 e-flex e-con-boxed e-con e-parent\" data-id=\"8f01c52\" data-element_type=\"container\" data-e-type=\"container\">\n\t\t\t\t\t<div class=\"e-con-inner\">\n\t\t\t\t<div class=\"elementor-element elementor-element-eb45b90 elementor-widget__width-initial heading__dual_color elementor-widget-laptop__width-initial elementor-widget elementor-widget-heading\" data-id=\"eb45b90\" data-element_type=\"widget\" data-e-type=\"widget\" data-widget_type=\"heading.default\">\n\t\t\t\t<div class=\"elementor-widget-container\">\n\t\t\t\t\t<h1 class=\"elementor-heading-title elementor-size-default\">Privacy Policy<\/h1>\t\t\t\t<\/div>\n\t\t\t\t<\/div>\n\t\t\t\t\t<\/div>\n\t\t\t\t<\/section>\n\t\t<section class=\"elementor-element elementor-element-9ed060b e-flex e-con-boxed e-con e-parent\" data-id=\"9ed060b\" data-element_type=\"container\" data-e-type=\"container\">\n\t\t\t\t\t<div class=\"e-con-inner\">\n\t\t<div class=\"elementor-element elementor-element-03702f6 e-con-full e-flex e-con e-child\" data-id=\"03702f6\" data-element_type=\"container\" data-e-type=\"container\">\n\t\t\t\t<div class=\"elementor-element elementor-element-be37684 elementor-widget__width-inherit elementor-widget elementor-widget-text-editor\" data-id=\"be37684\" data-element_type=\"widget\" data-e-type=\"widget\" data-widget_type=\"text-editor.default\">\n\t\t\t\t<div class=\"elementor-widget-container\">\n\t\t\t\t\t\t\t\t\t<strong>Subject: <\/strong>Mercuria Laser Game s.r.o.\t\t\t\t\t\t\t\t<\/div>\n\t\t\t\t<\/div>\n\t\t\t\t<div class=\"elementor-element elementor-element-449575f elementor-widget__width-auto elementor-widget elementor-widget-text-editor\" data-id=\"449575f\" data-element_type=\"widget\" data-e-type=\"widget\" data-widget_type=\"text-editor.default\">\n\t\t\t\t<div class=\"elementor-widget-container\">\n\t\t\t\t\t\t\t\t\t<strong>Legal address: <\/strong>Mikulova 1574\/9, Chodov,\t\t\t\t\t\t\t\t<\/div>\n\t\t\t\t<\/div>\n\t\t\t\t<div class=\"elementor-element elementor-element-c112b67 elementor-widget__width-auto elementor-widget elementor-widget-text-editor\" data-id=\"c112b67\" data-element_type=\"widget\" data-e-type=\"widget\" data-widget_type=\"text-editor.default\">\n\t\t\t\t<div class=\"elementor-widget-container\">\n\t\t\t\t\t\t\t\t\tPrague 149&nbsp;00\t\t\t\t\t\t\t\t<\/div>\n\t\t\t\t<\/div>\n\t\t\t\t<div class=\"elementor-element elementor-element-de6e30b elementor-widget__width-inherit elementor-widget elementor-widget-text-editor\" data-id=\"de6e30b\" data-element_type=\"widget\" data-e-type=\"widget\" data-widget_type=\"text-editor.default\">\n\t\t\t\t<div class=\"elementor-widget-container\">\n\t\t\t\t\t\t\t\t\t<strong>Company ID: <\/strong>61854476\t\t\t\t\t\t\t\t<\/div>\n\t\t\t\t<\/div>\n\t\t\t\t<div class=\"elementor-element elementor-element-3ea2a3b elementor-widget__width-inherit elementor-widget elementor-widget-text-editor\" data-id=\"3ea2a3b\" data-element_type=\"widget\" data-e-type=\"widget\" data-widget_type=\"text-editor.default\">\n\t\t\t\t<div class=\"elementor-widget-container\">\n\t\t\t\t\t\t\t\t\t<strong>File number: <\/strong>C 31411, MSPH Prague City Court\t\t\t\t\t\t\t\t<\/div>\n\t\t\t\t<\/div>\n\t\t\t\t<div class=\"elementor-element elementor-element-3af4587 elementor-widget__width-inherit elementor-widget elementor-widget-text-editor\" data-id=\"3af4587\" data-element_type=\"widget\" data-e-type=\"widget\" data-widget_type=\"text-editor.default\">\n\t\t\t\t<div class=\"elementor-widget-container\">\n\t\t\t\t\t\t\t\t\t<strong>Legal form: <\/strong>Limited Liability Company\t\t\t\t\t\t\t\t<\/div>\n\t\t\t\t<\/div>\n\t\t\t\t<\/div>\n\t\t\t\t<div class=\"elementor-element elementor-element-bbf2d17 elementor-widget__width-initial elementor-widget elementor-widget-text-editor\" data-id=\"bbf2d17\" data-element_type=\"widget\" data-e-type=\"widget\" data-widget_type=\"text-editor.default\">\n\t\t\t\t<div class=\"elementor-widget-container\">\n\t\t\t\t\t\t\t\t\t<p>When handling personal data, we proceed in accordance with the Czech laws and regulations and directly applicable EU legislation, in particular Act No. 110\/2019 Coll., on the processing of personal data, as amended, and Act No. 480\/2004 Coll., and in accordance with Article 13 of Regulation (EU) No. 2016\/679 of the European Parliament and of the Council of 27 April 2016, the General Data Protection Regulation on certain information society services and amending certain laws, as amended.<\/p><p>The following text explains how and for what purposes we process your personal data and who the processors may be. As this information is important, we hope you will take the time to carefully read through the text.<\/p>\t\t\t\t\t\t\t\t<\/div>\n\t\t\t\t<\/div>\n\t\t\t\t<div class=\"elementor-element elementor-element-f202eb8 elementor-widget__width-inherit elementor-widget elementor-widget-text-editor\" data-id=\"f202eb8\" data-element_type=\"widget\" data-e-type=\"widget\" data-widget_type=\"text-editor.default\">\n\t\t\t\t<div class=\"elementor-widget-container\">\n\t\t\t\t\t\t\t\t\t<h3>What data do&nbsp;we process as a&nbsp;controller?<\/h3><h4>Form completion<\/h4><ul><li>Name and surname<\/li><li>Phone number<\/li><li>Email address<\/li><\/ul>\t\t\t\t\t\t\t\t<\/div>\n\t\t\t\t<\/div>\n\t\t\t\t<div class=\"elementor-element elementor-element-7a93fd6 elementor-widget__width-inherit elementor-widget elementor-widget-text-editor\" data-id=\"7a93fd6\" data-element_type=\"widget\" data-e-type=\"widget\" data-widget_type=\"text-editor.default\">\n\t\t\t\t<div class=\"elementor-widget-container\">\n\t\t\t\t\t\t\t\t\t<h3>When is it not necessary for us to obtain consent to personal data processing?<\/h3><p>We can only process personal data without your consent for the following purposes:<\/p><ul><li><strong>Performance of a&nbsp;contract concerning the provision of a&nbsp;service or product<\/strong><\/li><li><strong>Fulfilment of our legal obligations<\/strong> ensuing from generally binding laws and regulations.<\/li><li>Processing within a<strong> legitimate interest<\/strong> (e.g. direct marketing, ensuring safety and protection of life).<\/li><\/ul>\t\t\t\t\t\t\t\t<\/div>\n\t\t\t\t<\/div>\n\t\t\t\t<div class=\"elementor-element elementor-element-412fef9 elementor-widget__width-inherit elementor-widget elementor-widget-text-editor\" data-id=\"412fef9\" data-element_type=\"widget\" data-e-type=\"widget\" data-widget_type=\"text-editor.default\">\n\t\t\t\t<div class=\"elementor-widget-container\">\n\t\t\t\t\t\t\t\t\t<h3>For what purpose do&nbsp;we process personal data and for how long?<\/h3><p>The data may be used for commercial and marketing purposes, i.e., to maintain a&nbsp;database of website users and to offer goods and services, for as long as the legal grounds exist for this type of processing and use of personal and other data. In other words, we collect your personal data so that you can use our services and to report back to you with any updates. Read more about the purposes for which we collect individual data depending on where it has been filled in.<\/p><p><strong>Form completion<\/strong> &#8211; we process the personal data you enter when completing the consent form in order to perform the contract, i.e., to deliver goods or services. In addition, we may process the data in order to fulfil our legal obligations (in particular our registration obligations, archiving of fiscal receipts, etc.) and to safeguard our legal claims.<\/p><p><strong>Subscription to newsletters and promotional offers<\/strong> \u2013 we process your personal data in order to send you commercial communications, including product or service offers, as part of direct marketing. We may use your email address, without your express consent, to send you commercial communications concerning goods or services similar to those you have ordered from us in the past. You may unsubscribe from our newsletters using the \u201cUnsubscribe\u201d or similar link in the footer of each commercial message. Data management and retention services are provided and the newsletters are distributed by:<\/p><ul><li><b>ECOMAIL.CZ<\/b>, s.r.o., ID No. 027&nbsp;62&nbsp;943, with its registered office at Na&nbsp;Mlejnku 764\/18, Bran\u00edk, 147&nbsp;00 Prague 4, registered in the Commercial Register maintained by the Municipal Court in Prague, Section C, Entry 223183. Find more information on personal data protection <a href=\"https:\/\/www.ecomail.cz\/ochrana-osobnich-udaju\" target=\"_blank\" rel=\"noopener\">here<\/a>.<\/li><li><p>We will manage the data for a&nbsp;maximum of 5 years or until you withdraw your consent.<\/p><\/li><\/ul><p>We may use <strong>identification and address data<\/strong> for purposes related to internal statistics under the doctrine of legitimate interest. The anonymised outcomes of these statistics help us improve our services, including through user behaviour analyses and marketing.<\/p><p><strong>Personal data collected through cookies<\/strong> is processed with your consent (which can be granted by ticking the relevant option in the Web interface after you are notified we use cookies and after you have had the opportunity to review this Policy). We may process the personal data we collected through cookies even if you continue to use the Web interface after you have been notified of such processing of your personal data. The personal data collected through cookies help us provide user support and improve our services, including through user behaviour analyses and marketing.<\/p><p>Any personal data collected for the above purposes is provided entirely voluntarily and consent must be given by the user actively interacting with (ticking) the consent box, or under the doctrine of legitimate interest. You can withdraw your consent to the processing of your data at any time by email.<\/p>\t\t\t\t\t\t\t\t<\/div>\n\t\t\t\t<\/div>\n\t\t\t\t<div class=\"elementor-element elementor-element-da454ce elementor-widget__width-inherit elementor-widget elementor-widget-text-editor\" data-id=\"da454ce\" data-element_type=\"widget\" data-e-type=\"widget\" data-widget_type=\"text-editor.default\">\n\t\t\t\t<div class=\"elementor-widget-container\">\n\t\t\t\t\t\t\t\t\t<h3>What other third-party services do&nbsp;we use?<\/h3><p>To get feedback on, and to further promote our services or products, we also use the following third-party services, which may collect personal data and operate within the scope of a&nbsp;processing agreement or an amendment to a&nbsp;processing agreement.<\/p>\t\t\t\t\t\t\t\t<\/div>\n\t\t\t\t<\/div>\n\t\t\t\t<div class=\"elementor-element elementor-element-d12625f elementor-widget__width-inherit elementor-widget elementor-widget-text-editor\" data-id=\"d12625f\" data-element_type=\"widget\" data-e-type=\"widget\" data-widget_type=\"text-editor.default\">\n\t\t\t\t<div class=\"elementor-widget-container\">\n\t\t\t\t\t\t\t\t\t<h3>Who can access your personal data?<\/h3><p>Your personal data is processed by the Controller within the meaning of the Personal Data Protection Act; however, it may also be processed for the Controller by other entities (as processors or controllers):<\/p><h4>Processors:<\/h4><ul><li>Software provider <a href=\"https:\/\/www.antstudio.cz\/\" target=\"_blank\" rel=\"noopener\">\u00a0ANT studio s.r.o<\/a>., ID No.: 29113229, with its registered office at Slovansk\u00e1 alej 2182\/30, 326&nbsp;00 Plze\u0148, registered with the Registry Court in Plze\u0148, Section C, Entry 25698.<\/li><li>Software provider <a href=\"https:\/\/www.mravenci.cz\/\" target=\"_blank\" rel=\"noopener\">\u00a0mravenci na&nbsp;online s.r.o.<\/a>, ID No.: 06094953, with its registered office at Na&nbsp;J\u00edkalce 2906\/19a, Ji\u017en\u00ed P\u0159edm\u011bst\u00ed, 301&nbsp;00 Plze\u0148, registered with the Registry Court in Plze\u0148, Section C, Entry 34582.<\/li><\/ul><p>We may further authorise other data processors or operators (such as carriers or other operators involved in the performance of a&nbsp;contract and fulfilment of our obligations), but only to the extent necessary for the performance of the contract. We will not transfer your personal data to anyone. The personal data and other information we obtain is fully protected against misuse. The personal data will be processed in electronic form in an automated manner or in a&nbsp;printed form in a&nbsp;non-automated manner. Your personal data will not be transferred to countries outside the European Union.<\/p>\t\t\t\t\t\t\t\t<\/div>\n\t\t\t\t<\/div>\n\t\t\t\t<div class=\"elementor-element elementor-element-c5e36a5 elementor-widget__width-inherit elementor-widget elementor-widget-text-editor\" data-id=\"c5e36a5\" data-element_type=\"widget\" data-e-type=\"widget\" data-widget_type=\"text-editor.default\">\n\t\t\t\t<div class=\"elementor-widget-container\">\n\t\t\t\t\t\t\t\t\t<h3>What are my rights in the context of personal data protection?<\/h3><ul><li>To request information from us on what personal data is being processed.<\/li><li>To request clarification from from us regarding the processing of your personal data.<\/li><li>To request access to your data and to have the data updated or rectified.<\/li><li>To request that we erase your personal data.<\/li><li>To request data portability.<\/li><li>To be informed about a&nbsp;personal data breach in certain cases.<\/li><\/ul><div class=\"elementor-element elementor-element-502f31f elementor-widget__width-inherit elementor-widget elementor-widget-text-editor\" data-id=\"502f31f\" data-element_type=\"widget\" data-widget_type=\"text-editor.default\"><div class=\"elementor-widget-container\"><p>You have the right to lodge a&nbsp;complaint with the supervisory authority regarding the processing of your personal data or the failure of the Controller to fulfil the obligations inherent in the GDPR at any time. The supervisory authority in the Czech Republic is the Office for Personal Data Protection, with its registered office at Pplk. Sochora 27, 170\u00a000 Prague 7,<a href=\"http:\/\/www.uoou.cz\/\" target=\"_blank\" rel=\"noopener\">\u00a0www.uoou.cz<\/a>.<\/p><\/div><\/div>\t\t\t\t\t\t\t\t<\/div>\n\t\t\t\t<\/div>\n\t\t\t\t<div class=\"elementor-element elementor-element-f6f282d elementor-widget__width-inherit elementor-widget elementor-widget-text-editor\" data-id=\"f6f282d\" data-element_type=\"widget\" data-e-type=\"widget\" data-widget_type=\"text-editor.default\">\n\t\t\t\t<div class=\"elementor-widget-container\">\n\t\t\t\t\t\t\t\t\t<h3>Updates to the Privacy Policy<\/h3><p>We may modify or update the Privacy Policy at any time. Any changes to this Privacy Policy will take effect once they are made available on this website.<\/p><p>These terms enter into force on 1 January 2022.<\/p><p>The terms were last updated on 1 January 2022.<\/p>\t\t\t\t\t\t\t\t<\/div>\n\t\t\t\t<\/div>\n\t\t\t\t\t<\/div>\n\t\t\t\t<\/section>\n\t\t\t\t<\/div>\n\t\t","protected":false},"excerpt":{"rendered":"<p>When handling personal data, we proceed in accordance with the Czech laws and regulations and directly applicable EU legislation, in particular Act No. 110\/2019 Coll., on the processing of personal data, as amended, and Act No. 480\/2004 Coll., and in accordance with Article 13 of Regulation (EU) No. 2016\/679 of the European Parliament and of [&hellip;]<\/p>\n","protected":false},"author":1,"featured_media":0,"parent":0,"menu_order":0,"comment_status":"closed","ping_status":"closed","template":"","meta":{"_acf_changed":false,"footnotes":""},"class_list":["post-16310","page","type-page","status-publish","hentry"],"acf":[],"_links":{"self":[{"href":"https:\/\/mercurialaser.cz\/en\/wp-json\/wp\/v2\/pages\/16310","targetHints":{"allow":["GET"]}}],"collection":[{"href":"https:\/\/mercurialaser.cz\/en\/wp-json\/wp\/v2\/pages"}],"about":[{"href":"https:\/\/mercurialaser.cz\/en\/wp-json\/wp\/v2\/types\/page"}],"author":[{"embeddable":true,"href":"https:\/\/mercurialaser.cz\/en\/wp-json\/wp\/v2\/users\/1"}],"replies":[{"embeddable":true,"href":"https:\/\/mercurialaser.cz\/en\/wp-json\/wp\/v2\/comments?post=16310"}],"version-history":[{"count":0,"href":"https:\/\/mercurialaser.cz\/en\/wp-json\/wp\/v2\/pages\/16310\/revisions"}],"wp:attachment":[{"href":"https:\/\/mercurialaser.cz\/en\/wp-json\/wp\/v2\/media?parent=16310"}],"curies":[{"name":"wp","href":"https:\/\/api.w.org\/{rel}","templated":true}]}}