{"id":14891,"date":"2024-01-31T12:17:38","date_gmt":"2024-01-31T11:17:38","guid":{"rendered":"https:\/\/mercurialaser.cz\/vouchers\/"},"modified":"2024-10-26T11:19:59","modified_gmt":"2024-10-26T09:19:59","slug":"vouchers","status":"publish","type":"page","link":"https:\/\/mercurialaser.cz\/en\/vouchers\/","title":{"rendered":"Vouchers"},"content":{"rendered":"\t\t<div data-elementor-type=\"wp-page\" data-elementor-id=\"14891\" class=\"elementor elementor-14891 elementor-577\" data-elementor-post-type=\"page\">\n\t\t\t\t<section class=\"elementor-element elementor-element-0c24874 e-flex e-con-boxed e-con e-parent\" data-id=\"0c24874\" data-element_type=\"container\" data-e-type=\"container\">\n\t\t\t\t\t<div class=\"e-con-inner\">\n\t\t\t\t<div class=\"elementor-element elementor-element-edfa487 elementor-widget elementor-widget-heading\" data-id=\"edfa487\" data-element_type=\"widget\" data-e-type=\"widget\" data-widget_type=\"heading.default\">\n\t\t\t\t<div class=\"elementor-widget-container\">\n\t\t\t\t\t<h6 class=\"elementor-heading-title elementor-size-default\">I'm going to buy a&nbsp;wooowcher<\/h6>\t\t\t\t<\/div>\n\t\t\t\t<\/div>\n\t\t\t\t<div class=\"elementor-element elementor-element-c82a045 elementor-widget__width-initial elementor-widget-mobile__width-inherit heading__dual_color elementor-widget elementor-widget-heading\" data-id=\"c82a045\" data-element_type=\"widget\" data-e-type=\"widget\" data-widget_type=\"heading.default\">\n\t\t\t\t<div class=\"elementor-widget-container\">\n\t\t\t\t\t<h1 class=\"elementor-heading-title elementor-size-default\"><span>Perfect gift<\/span> for fun lovers.<\/h1>\t\t\t\t<\/div>\n\t\t\t\t<\/div>\n\t\t\t\t<div class=\"elementor-element elementor-element-466feb4 elementor-widget elementor-widget-text-editor\" data-id=\"466feb4\" data-element_type=\"widget\" data-e-type=\"widget\" data-widget_type=\"text-editor.default\">\n\t\t\t\t<div class=\"elementor-widget-container\">\n\t\t\t\t\t\t\t\t\t<p style=\"text-align: left;\">You can use the voucher to play in all our Mercurie arenas. Whether you decide to play a&nbsp;laser game, steam arcade games, fly on a&nbsp;virtual plane or anything else, it's no problem! In addition, you wash it all off at the bar, and that's still for a&nbsp;voucher.  <\/p>\n<p style=\"text-align: left;\">\n<\/p><p style=\"text-align: left;\">\n<\/p>\t\t\t\t\t\t\t\t<\/div>\n\t\t\t\t<\/div>\n\t\t\t\t\t<\/div>\n\t\t\t\t<\/section>\n\t\t<div class=\"elementor-element elementor-element-4b8b3a2 e-flex e-con-boxed e-con e-parent\" data-id=\"4b8b3a2\" data-element_type=\"container\" data-e-type=\"container\">\n\t\t\t\t\t<div class=\"e-con-inner\">\n\t\t\t\t<div class=\"elementor-element elementor-element-9af91e7 elementor-widget elementor-widget-shortcode\" data-id=\"9af91e7\" data-element_type=\"widget\" data-e-type=\"widget\" data-widget_type=\"shortcode.default\">\n\t\t\t\t<div class=\"elementor-widget-container\">\n\t\t\t\t\t\t\t<div class=\"elementor-shortcode\"><div class=\"reservation-block\">\n\t<div id=\"voucher-form\" class=\"reservation-form\" data-verified=\"false\">\n\t\t<div v-if=\"isInitialized\" v-cloak>\n\t\t\t<div v-if=\"orderStatus === 'PAID' && verified\" class=\"alert alert-success\">\n\t\t\t\t<h2>Done<\/h2>\n\t\t\t\t<p>\n\t\t\t\t\t\t\t\t\t\tD\u011bkujeme za&nbsp;n\u00e1kup. V&nbsp;e-mailu naleznete pot\u0159ebn\u00e9 informace. Voucher <strong>p\u0159ijde do&nbsp;15 minut<\/strong> na&nbsp;mail. Pokud bude jak\u00fdkoliv probl\u00e9m, kontaktujte n\u00e1s pros\u00edm na&nbsp;<a href=\"mailto:info@mercurialaser.cz\">info@mercurialaser.cz<\/a>\t\t\t\t<\/p>\n\t\t\t<\/div>\n\n\t\t\t<div v-if=\"orderStatus === 'PENDING' && verified\" class=\"alert alert-warning\">\n\t\t\t\t<h2>Waiting for confirmation<\/h2>\n\t\t\t\t<p>\n\t\t\t\t\tYour payment is being processed. Once confirmed, you will receive an email with further information.\t\t\t\t<\/p>\n\t\t\t<\/div>\n\n\t\t\t<div v-if=\"orderStatus === 'CANCELLED' && verified\" class=\"alert alert-warning\">\n\t\t\t\t<h2>Payment was cancelled<\/h2>\n\t\t\t\t<p>\n\t\t\t\t\tYour payment was cancelled. If this was a&nbsp;mistake, please try again.\t\t\t\t<\/p>\n\t\t\t<\/div>\n\n\t\t\t<div v-if=\"orderStatus === 'UNKNOWN' && verified\" class=\"alert alert-warning\">\n\t\t\t\t<h2>Unknown payment status<\/h2>\n\t\t\t\t<p>\n\t\t\t\t\tSomething went wrong, please try again or contact us.\t\t\t\t<\/p>\n\t\t\t<\/div>\n\n\t\t\t<div class=\"form-notice\" v-show=\"hasErrors\">\n\t\t\t\t{{ formMessage }}\n\t\t\t<\/div>\n\n\t\t\t<form @submit.prevent=\"confirmOrder\">\n\t\t\t\t<div class=\"form-row\" :class=\"errors.name ? 'form-error' : ''\">\n\t\t\t\t\t<label for=\"name\">Name and surname<\/label>\n\t\t\t\t\t<input type=\"text\" id=\"name\" v-model=\"formData.name\" placeholder=\"Jan Novak\">\n\t\t\t\t\t<div v-if=\"errors.name\" class=\"error-message\">{{ errors.name }}<\/div>\n\t\t\t\t<\/div>\n\t\t\t\t<div class=\"form-row\" :class=\"errors.email ? 'form-error' : ''\">\n\t\t\t\t\t<label for=\"email\">Your email adress<\/label>\n\t\t\t\t\t<input type=\"email\" id=\"email\" v-model=\"formData.email\" placeholder=\"jacob@gmail.com\">\n\t\t\t\t\t<div v-if=\"errors.email\" class=\"error-message\">{{ errors.email }}<\/div>\n\t\t\t\t<\/div>\n\t\t\t\t<div class=\"form-row\" :class=\"errors.telephone ? 'form-error' : ''\">\n\t\t\t\t\t<label for=\"telephone\">Phone number<\/label>\n\t\t\t\t\t<input type=\"tel\" id=\"telephone\" v-model=\"formData.telephone\" placeholder=\"e.g. +421 111 222 333\">\n\t\t\t\t\t<div v-if=\"errors.telephone\" class=\"error-message\">{{ errors.telephone }}<\/div>\n\t\t\t\t<\/div>\n\t\t\t\t<div class=\"form-row\" :class=\"{'form-error': errors.promo, 'field-success': discount && discount.discount_value}\">\n\t\t\t\t\t<label for=\"promo\">Promo code<\/label>\n\t\t\t\t\t<input type=\"text\" id=\"promo\" v-model=\"formData.promo\" placeholder=\"\" @keyup=\"validateDiscountCode\">\n\t\t\t\t\t<div v-if=\"errors.promo\" class=\"error-message\">{{ errors.promo }}<\/div>\n\t\t\t\t\t<div v-if=\"discount && discount.discount_value\" class=\"success-message\">SLEVA {{ discountInfo }}<\/div>\n\t\t\t\t<\/div>\n\t\t\t\t<!--\n\t\t\t\t<div class=\"form-row\">\n\t\t\t\t\t<label for=\"note\">Purchase note<\/label>\n\t\t\t\t\t<textarea rows=\"4\" id=\"note\" v-model=\"formData.note\"><\/textarea>\n\t\t\t\t<\/div>\n\t\t\t\t-->\n\t\t\t\t<div class=\"form-section\">\n\t\t\t\t\t<p class=\"form-info\">Select voucher value. You can buy multiple vouchers at once, we\u2019ll send each one separately to your email.<\/p>\n\t\t\t\t\t<div v-for=\"(amount, index) in formData.amounts\" :key=\"index\" class=\"form-row amount-select-group\" :class=\"errors.amounts ? 'form-error' : ''\">\n\t\t\t\t\t\t<label for=\"amount\">Amount<\/label>\n\t\t\t\t\t\t<select v-model=\"amount.value\">\n\t\t\t\t\t\t\t<option value=\"\">-- select amount --<\/option>\n\t\t\t\t\t\t\t<option v-for=\"availableAmount in availableAmounts\" :key=\"availableAmount\" :value=\"availableAmount\">{{ availableAmount }} K\u010d<\/option>\n\t\t\t\t\t\t<\/select>\n\t\t\t\t\t\t<button @click.prevent=\"removeAmount(index)\" class=\"remove btn-remove\" :disabled=\"formData.amounts.length == 1\">Remove<\/button>\n\t\t\t\t\t<\/div>\n\t\t\t\t\t<div v-if=\"errors.amounts\" class=\"error-message\">{{ errors.amounts }}<\/div>\n\t\t\t\t\t<button class=\"add-voucher\" @click.prevent=\"addAmount\" v-if=\"total > 0\">+ Add another voucher<\/button>\n\t\t\t\t<\/div>\n\n\t\t\t\t<div class=\"voucher-subtotal\">Total amount: {{ total }} K\u010d <span v-if=\"discount && discount.discount_value\">(discount -{{ discountInfo }})<\/span><\/div>\n\n\t\t\t\t<button type=\"button\" class=\"resform-submit\" @click=\"confirmOrder\">Pay <svg xmlns=\"http:\/\/www.w3.org\/2000\/svg\" width=\"22.666\" height=\"8.361\" viewBox=\"0 0 22.666 8.361\">\n\t\t\t\t\t\t<path id=\"Arrow\" d=\"M20.093,20.361l7.241-4.181L20.093,12v3.551H4.667V16.81H20.093Z\" transform=\"translate(-4.667 -12)\" fill=\"#3f56ff\" fill-rule=\"evenodd\"><\/path>\n\t\t\t\t\t<\/svg>\n\t\t\t\t<\/button>\n\n\t\t\t\t<p class=\"form-info\">\n\t\t\t\t\tBy clicking the button, you will be redirected to the payment gateway.<br \/>\n\t\t\t\t\tBy clicking the button, you agree to the <a href=\"https:\/\/mercurialaser.cz\/dokumenty\/\" target=\"_blank\">terms and conditions.<\/a>\t\t\t\t<\/p>\n\t\t\t<\/form>\n\t\t<\/div>\n\t<\/div>\n<\/div>\n\n<script>\nwindow.verified = false;\n\nconst comgate_data = null;\n\nif (verified && comgate_data) {\n\twindow.dataLayer = window.dataLayer || [];\n\n\tconst comgateData = {\n\t\t'event': 'form_submit_objednavka_voucheru',\n\t\t'hodnota_konverze': comgate_data.total_price,\n\t\t'pocet_polozek': comgate_data.total_items,\n\t\t'hodnota_slevy': comgate_data.discount_value\n\t};\n\n\twindow.dataLayer.push(comgateData);\n}\n<\/script><\/div>\n\t\t\t\t\t\t<\/div>\n\t\t\t\t<\/div>\n\t\t\t\t\t<\/div>\n\t\t\t\t<\/div>\n\t\t\t\t<\/div>\n\t\t","protected":false},"excerpt":{"rendered":"<p>I'm going to buy a&nbsp;wooowcher Perfect gift for fun lovers. You can use the voucher to play in all our Mercurie arenas. Whether you decide to play a&nbsp;laser game, steam arcade games, fly on a&nbsp;virtual plane or anything else, it's no problem! In addition, you wash it all off at the bar, and that's still [&hellip;]<\/p>\n","protected":false},"author":1,"featured_media":0,"parent":0,"menu_order":0,"comment_status":"closed","ping_status":"closed","template":"","meta":{"_acf_changed":false,"footnotes":""},"class_list":["post-14891","page","type-page","status-publish","hentry"],"acf":[],"_links":{"self":[{"href":"https:\/\/mercurialaser.cz\/en\/wp-json\/wp\/v2\/pages\/14891","targetHints":{"allow":["GET"]}}],"collection":[{"href":"https:\/\/mercurialaser.cz\/en\/wp-json\/wp\/v2\/pages"}],"about":[{"href":"https:\/\/mercurialaser.cz\/en\/wp-json\/wp\/v2\/types\/page"}],"author":[{"embeddable":true,"href":"https:\/\/mercurialaser.cz\/en\/wp-json\/wp\/v2\/users\/1"}],"replies":[{"embeddable":true,"href":"https:\/\/mercurialaser.cz\/en\/wp-json\/wp\/v2\/comments?post=14891"}],"version-history":[{"count":0,"href":"https:\/\/mercurialaser.cz\/en\/wp-json\/wp\/v2\/pages\/14891\/revisions"}],"wp:attachment":[{"href":"https:\/\/mercurialaser.cz\/en\/wp-json\/wp\/v2\/media?parent=14891"}],"curies":[{"name":"wp","href":"https:\/\/api.w.org\/{rel}","templated":true}]}}